{"id":2060,"date":"2022-04-05T16:42:58","date_gmt":"2022-04-05T14:42:58","guid":{"rendered":"https:\/\/taddeibikerentals.com\/chi-siamo\/"},"modified":"2023-06-16T10:44:45","modified_gmt":"2023-06-16T08:44:45","slug":"uber","status":"publish","type":"page","link":"https:\/\/taddeibikerentals.com\/de\/uber\/","title":{"rendered":"\u00dcber"},"content":{"rendered":"\t\t<div data-elementor-type=\"wp-page\" data-elementor-id=\"2060\" class=\"elementor elementor-2060 elementor-1790\" data-elementor-post-type=\"page\">\n\t\t\t\t\t\t<section class=\"elementor-section elementor-top-section elementor-element elementor-element-2672178 elementor-section-full_width elementor-reverse-mobile elementor-section-height-full elementor-section-height-default elementor-section-items-middle\" data-id=\"2672178\" data-element_type=\"section\" data-e-type=\"section\" data-settings=\"{&quot;background_background&quot;:&quot;classic&quot;}\">\n\t\t\t\t\t\t<div class=\"elementor-container elementor-column-gap-no\">\n\t\t\t\t\t<div class=\"elementor-column elementor-col-100 elementor-top-column elementor-element elementor-element-52fde9a3\" data-id=\"52fde9a3\" data-element_type=\"column\" data-e-type=\"column\">\n\t\t\t<div class=\"elementor-widget-wrap elementor-element-populated\">\n\t\t\t\t\t\t<div class=\"elementor-element elementor-element-23474ea0 elementor-widget elementor-widget-heading\" data-id=\"23474ea0\" data-element_type=\"widget\" data-e-type=\"widget\" data-widget_type=\"heading.default\">\n\t\t\t\t<div class=\"elementor-widget-container\">\n\t\t\t\t\t<h1 class=\"elementor-heading-title elementor-size-default\">Philosophie<\/h1>\t\t\t\t<\/div>\n\t\t\t\t<\/div>\n\t\t\t\t<div class=\"elementor-element elementor-element-1f636790 elementor-widget elementor-widget-text-editor\" data-id=\"1f636790\" data-element_type=\"widget\" data-e-type=\"widget\" data-widget_type=\"text-editor.default\">\n\t\t\t\t<div class=\"elementor-widget-container\">\n\t\t\t\t\t\t\t\t\t<p><em>Reisen.<\/em><br \/><em>Reisen, weil es eine besondere Form der Freiheit ist<\/em>.<\/p><p>Tun Sie es in Gesellschaft der Natur, die Sie umgibt, Sie werden sich nie verloren f\u00fchlen.<br \/>Beginnen Sie zu reisen, denn es wird Ihre Sicht auf die Dinge f\u00fcr immer ver\u00e4ndern.<\/p><p>Es wird Ihnen das Gef\u00fchl geben, lebendig zu sein, weil das Erkunden den Zugang zu neuen Gef\u00fchlen erm\u00f6glicht.<br \/>Das wird Ihnen Ihre Gewissheit nehmen und genau von dort aus wird Ihr Wachstum beginnen. Sie werden davon begeistert sein.<\/p><p>Entdecken Sie die Welt, ohne einen Moment zu verschwenden und Ihre Jahre oder Ihr Gewicht zu vergessen.<br \/>Ist Ihnen nicht aufgefallen, wie schnell die Tage vergehen?<\/p><p>Nehmen Sie sich Zeit, um Berge zu besteigen, an Str\u00e4nden entlang zu laufen und in alle Richtungen zu radeln.<br \/>Denn genau in diesem Moment werden Sie einen Schatz entdecken und verstehen, was wahrer Reichtum ist.<\/p><p>Ihre Seele wird sich erf\u00fcllt f\u00fchlen und bereit sein, im Takt Ihres Herzschlags zu tanzen.<\/p><p>Aufladen, losfahren, sich verlaufen. Es wird Ihnen helfen, sich selbst zu finden.<\/p><p>Die Ausreden haben ein Ende, TADDEI BIKE RENTALS.<\/p>\t\t\t\t\t\t\t\t<\/div>\n\t\t\t\t<\/div>\n\t\t\t\t\t<\/div>\n\t\t<\/div>\n\t\t\t\t\t<\/div>\n\t\t<\/section>\n\t\t\t\t<\/div>\n\t\t","protected":false},"excerpt":{"rendered":"<p>Philosophie Reisen.Reisen, weil es eine besondere Form der Freiheit ist. Tun Sie es in Gesellschaft der Natur, die Sie umgibt, Sie werden sich nie verloren f\u00fchlen.Beginnen Sie zu reisen, denn es wird Ihre Sicht auf die Dinge f\u00fcr immer ver\u00e4ndern. Es wird Ihnen das Gef\u00fchl geben, lebendig zu sein, weil das Erkunden den Zugang zu [&hellip;]<\/p>\n","protected":false},"author":2,"featured_media":0,"parent":0,"menu_order":0,"comment_status":"closed","ping_status":"closed","template":"","meta":{"_acf_changed":false,"footnotes":""},"class_list":["post-2060","page","type-page","status-publish","hentry"],"acf":[],"yoast_head":"<!-- This site is optimized with the Yoast SEO plugin v24.7 - https:\/\/yoast.com\/wordpress\/plugins\/seo\/ -->\n<title>\u00dcber - Taddei Bike Rentals &amp; Tours<\/title>\n<meta name=\"robots\" content=\"index, follow, max-snippet:-1, max-image-preview:large, max-video-preview:-1\" \/>\n<link rel=\"canonical\" href=\"https:\/\/taddeibikerentals.com\/de\/uber\/\" \/>\n<meta property=\"og:locale\" content=\"de_DE\" \/>\n<meta property=\"og:type\" content=\"article\" \/>\n<meta property=\"og:title\" content=\"\u00dcber - Taddei Bike Rentals &amp; Tours\" \/>\n<meta property=\"og:description\" content=\"Philosophie Reisen.Reisen, weil es eine besondere Form der Freiheit ist. Tun Sie es in Gesellschaft der Natur, die Sie umgibt, Sie werden sich nie verloren f\u00fchlen.Beginnen Sie zu reisen, denn es wird Ihre Sicht auf die Dinge f\u00fcr immer ver\u00e4ndern. Es wird Ihnen das Gef\u00fchl geben, lebendig zu sein, weil das Erkunden den Zugang zu [&hellip;]\" \/>\n<meta property=\"og:url\" content=\"https:\/\/taddeibikerentals.com\/de\/uber\/\" \/>\n<meta property=\"og:site_name\" content=\"Taddei Bike Rentals &amp; Tours\" \/>\n<meta property=\"article:modified_time\" content=\"2023-06-16T08:44:45+00:00\" \/>\n<meta name=\"twitter:card\" content=\"summary_large_image\" \/>\n<meta name=\"twitter:label1\" content=\"Gesch\u00e4tzte Lesezeit\" \/>\n\t<meta name=\"twitter:data1\" content=\"2 minutes\" \/>\n<script type=\"application\/ld+json\" class=\"yoast-schema-graph\">{\"@context\":\"https:\/\/schema.org\",\"@graph\":[{\"@type\":\"WebPage\",\"@id\":\"https:\/\/taddeibikerentals.com\/de\/uber\/\",\"url\":\"https:\/\/taddeibikerentals.com\/de\/uber\/\",\"name\":\"\u00dcber - Taddei Bike Rentals &amp; Tours\",\"isPartOf\":{\"@id\":\"https:\/\/taddeibikerentals.com\/de\/#website\"},\"datePublished\":\"2022-04-05T14:42:58+00:00\",\"dateModified\":\"2023-06-16T08:44:45+00:00\",\"breadcrumb\":{\"@id\":\"https:\/\/taddeibikerentals.com\/de\/uber\/#breadcrumb\"},\"inLanguage\":\"de-DE\",\"potentialAction\":[{\"@type\":\"ReadAction\",\"target\":[\"https:\/\/taddeibikerentals.com\/de\/uber\/\"]}]},{\"@type\":\"BreadcrumbList\",\"@id\":\"https:\/\/taddeibikerentals.com\/de\/uber\/#breadcrumb\",\"itemListElement\":[{\"@type\":\"ListItem\",\"position\":1,\"name\":\"Home\",\"item\":\"https:\/\/taddeibikerentals.com\/de\/\"},{\"@type\":\"ListItem\",\"position\":2,\"name\":\"\u00dcber\"}]},{\"@type\":\"WebSite\",\"@id\":\"https:\/\/taddeibikerentals.com\/de\/#website\",\"url\":\"https:\/\/taddeibikerentals.com\/de\/\",\"name\":\"Taddei Bike Rentals &amp; Tours\",\"description\":\"Rental bike and guide, noleggio bici e guide turistiche\",\"publisher\":{\"@id\":\"https:\/\/taddeibikerentals.com\/de\/#organization\"},\"potentialAction\":[{\"@type\":\"SearchAction\",\"target\":{\"@type\":\"EntryPoint\",\"urlTemplate\":\"https:\/\/taddeibikerentals.com\/de\/?s={search_term_string}\"},\"query-input\":{\"@type\":\"PropertyValueSpecification\",\"valueRequired\":true,\"valueName\":\"search_term_string\"}}],\"inLanguage\":\"de-DE\"},{\"@type\":\"Organization\",\"@id\":\"https:\/\/taddeibikerentals.com\/de\/#organization\",\"name\":\"Taddei Bike Rentals &amp; Tours\",\"url\":\"https:\/\/taddeibikerentals.com\/de\/\",\"logo\":{\"@type\":\"ImageObject\",\"inLanguage\":\"de-DE\",\"@id\":\"https:\/\/taddeibikerentals.com\/de\/#\/schema\/logo\/image\/\",\"url\":\"https:\/\/taddeibikerentals.com\/wp-content\/uploads\/2023\/03\/Taddei-Logo-def-1.png\",\"contentUrl\":\"https:\/\/taddeibikerentals.com\/wp-content\/uploads\/2023\/03\/Taddei-Logo-def-1.png\",\"width\":300,\"height\":126,\"caption\":\"Taddei Bike Rentals &amp; Tours\"},\"image\":{\"@id\":\"https:\/\/taddeibikerentals.com\/de\/#\/schema\/logo\/image\/\"}}]}<\/script>\n<!-- \/ Yoast SEO plugin. -->","yoast_head_json":{"title":"\u00dcber - Taddei Bike Rentals &amp; Tours","robots":{"index":"index","follow":"follow","max-snippet":"max-snippet:-1","max-image-preview":"max-image-preview:large","max-video-preview":"max-video-preview:-1"},"canonical":"https:\/\/taddeibikerentals.com\/de\/uber\/","og_locale":"de_DE","og_type":"article","og_title":"\u00dcber - Taddei Bike Rentals &amp; Tours","og_description":"Philosophie Reisen.Reisen, weil es eine besondere Form der Freiheit ist. Tun Sie es in Gesellschaft der Natur, die Sie umgibt, Sie werden sich nie verloren f\u00fchlen.Beginnen Sie zu reisen, denn es wird Ihre Sicht auf die Dinge f\u00fcr immer ver\u00e4ndern. Es wird Ihnen das Gef\u00fchl geben, lebendig zu sein, weil das Erkunden den Zugang zu [&hellip;]","og_url":"https:\/\/taddeibikerentals.com\/de\/uber\/","og_site_name":"Taddei Bike Rentals &amp; Tours","article_modified_time":"2023-06-16T08:44:45+00:00","twitter_card":"summary_large_image","twitter_misc":{"Gesch\u00e4tzte Lesezeit":"2 minutes"},"schema":{"@context":"https:\/\/schema.org","@graph":[{"@type":"WebPage","@id":"https:\/\/taddeibikerentals.com\/de\/uber\/","url":"https:\/\/taddeibikerentals.com\/de\/uber\/","name":"\u00dcber - Taddei Bike Rentals &amp; Tours","isPartOf":{"@id":"https:\/\/taddeibikerentals.com\/de\/#website"},"datePublished":"2022-04-05T14:42:58+00:00","dateModified":"2023-06-16T08:44:45+00:00","breadcrumb":{"@id":"https:\/\/taddeibikerentals.com\/de\/uber\/#breadcrumb"},"inLanguage":"de-DE","potentialAction":[{"@type":"ReadAction","target":["https:\/\/taddeibikerentals.com\/de\/uber\/"]}]},{"@type":"BreadcrumbList","@id":"https:\/\/taddeibikerentals.com\/de\/uber\/#breadcrumb","itemListElement":[{"@type":"ListItem","position":1,"name":"Home","item":"https:\/\/taddeibikerentals.com\/de\/"},{"@type":"ListItem","position":2,"name":"\u00dcber"}]},{"@type":"WebSite","@id":"https:\/\/taddeibikerentals.com\/de\/#website","url":"https:\/\/taddeibikerentals.com\/de\/","name":"Taddei Bike Rentals &amp; Tours","description":"Rental bike and guide, noleggio bici e guide turistiche","publisher":{"@id":"https:\/\/taddeibikerentals.com\/de\/#organization"},"potentialAction":[{"@type":"SearchAction","target":{"@type":"EntryPoint","urlTemplate":"https:\/\/taddeibikerentals.com\/de\/?s={search_term_string}"},"query-input":{"@type":"PropertyValueSpecification","valueRequired":true,"valueName":"search_term_string"}}],"inLanguage":"de-DE"},{"@type":"Organization","@id":"https:\/\/taddeibikerentals.com\/de\/#organization","name":"Taddei Bike Rentals &amp; Tours","url":"https:\/\/taddeibikerentals.com\/de\/","logo":{"@type":"ImageObject","inLanguage":"de-DE","@id":"https:\/\/taddeibikerentals.com\/de\/#\/schema\/logo\/image\/","url":"https:\/\/taddeibikerentals.com\/wp-content\/uploads\/2023\/03\/Taddei-Logo-def-1.png","contentUrl":"https:\/\/taddeibikerentals.com\/wp-content\/uploads\/2023\/03\/Taddei-Logo-def-1.png","width":300,"height":126,"caption":"Taddei Bike Rentals &amp; Tours"},"image":{"@id":"https:\/\/taddeibikerentals.com\/de\/#\/schema\/logo\/image\/"}}]}},"_links":{"self":[{"href":"https:\/\/taddeibikerentals.com\/de\/wp-json\/wp\/v2\/pages\/2060","targetHints":{"allow":["GET"]}}],"collection":[{"href":"https:\/\/taddeibikerentals.com\/de\/wp-json\/wp\/v2\/pages"}],"about":[{"href":"https:\/\/taddeibikerentals.com\/de\/wp-json\/wp\/v2\/types\/page"}],"author":[{"embeddable":true,"href":"https:\/\/taddeibikerentals.com\/de\/wp-json\/wp\/v2\/users\/2"}],"replies":[{"embeddable":true,"href":"https:\/\/taddeibikerentals.com\/de\/wp-json\/wp\/v2\/comments?post=2060"}],"version-history":[{"count":22,"href":"https:\/\/taddeibikerentals.com\/de\/wp-json\/wp\/v2\/pages\/2060\/revisions"}],"predecessor-version":[{"id":3999,"href":"https:\/\/taddeibikerentals.com\/de\/wp-json\/wp\/v2\/pages\/2060\/revisions\/3999"}],"wp:attachment":[{"href":"https:\/\/taddeibikerentals.com\/de\/wp-json\/wp\/v2\/media?parent=2060"}],"curies":[{"name":"wp","href":"https:\/\/api.w.org\/{rel}","templated":true}]}}